{"id":10,"date":"2012-02-04T15:16:55","date_gmt":"2012-02-04T15:16:55","guid":{"rendered":"http:\/\/nuestragaita.com\/?page_id=10"},"modified":"2013-05-30T06:39:25","modified_gmt":"2013-05-30T11:09:25","slug":"nuestragaita-com","status":"publish","type":"page","link":"https:\/\/nuestragaita.com\/?page_id=10","title":{"rendered":"NuestraGaita.Com"},"content":{"rendered":"<p>NuestraGaita.Com es el Primer Portal Gaitero creado en Venezuela el 12 de julio del 2002 e inaugurado el 08 de agosto del mismo a\u00f1o con el objeto de difundir a la Reina del Folclor Venezolano por el mundo entero.<\/p>\n<p><a href=\"https:\/\/nuestragaita.com\/wp-content\/uploads\/2012\/02\/nacimientonginternic.jpg\"><img loading=\"lazy\" decoding=\"async\" data-attachment-id=\"429\" data-permalink=\"https:\/\/nuestragaita.com\/?attachment_id=429\" data-orig-file=\"https:\/\/nuestragaita.com\/wp-content\/uploads\/2012\/02\/nacimientonginternic.jpg\" data-orig-size=\"573,494\" data-comments-opened=\"1\" data-image-meta=\"{&quot;aperture&quot;:&quot;0&quot;,&quot;credit&quot;:&quot;&quot;,&quot;camera&quot;:&quot;&quot;,&quot;caption&quot;:&quot;&quot;,&quot;created_timestamp&quot;:&quot;0&quot;,&quot;copyright&quot;:&quot;&quot;,&quot;focal_length&quot;:&quot;0&quot;,&quot;iso&quot;:&quot;0&quot;,&quot;shutter_speed&quot;:&quot;0&quot;,&quot;title&quot;:&quot;&quot;}\" data-image-title=\"nacimientonginternic\" data-image-description=\"\" data-medium-file=\"https:\/\/nuestragaita.com\/wp-content\/uploads\/2012\/02\/nacimientonginternic-300x258.jpg\" data-large-file=\"https:\/\/nuestragaita.com\/wp-content\/uploads\/2012\/02\/nacimientonginternic.jpg\" src=\"https:\/\/nuestragaita.com\/wp-content\/uploads\/2012\/02\/nacimientonginternic.jpg\" alt=\"\" title=\"nacimientonginternic\" class=\"size-full wp-image-429 aligncenter\" height=\"494\" width=\"573\" srcset=\"https:\/\/nuestragaita.com\/wp-content\/uploads\/2012\/02\/nacimientonginternic.jpg 573w, https:\/\/nuestragaita.com\/wp-content\/uploads\/2012\/02\/nacimientonginternic-300x258.jpg 300w\" sizes=\"(max-width: 573px) 100vw, 573px\" \/><\/a><\/p>\n<p>En el a\u00f1o 2003 se complementa su labor con la inauguraci\u00f3n, desde Caracas, del programa \u201cNuestraGaita.Com\u201d, primer espacio radial en difundir el g\u00e9nero gaitero desde el segundo trimestre del a\u00f1o y tambi\u00e9n en transmitirse simult\u00e1neamente v\u00eda internet.<\/p>\n<p>En el 2004 se implementa mediante el portal www.nuestragaita.com la primera emisora, v\u00eda Internet, que difunde 24 horas continuas de Gaitas para el mundo entero.<\/p>\n<p><b>\u00bfCu\u00e1l es nuestra Misi\u00f3n, Visi\u00f3n y Valores?<\/b><\/p>\n<p>Nuestra Misi\u00f3n es investigar, educar, difundir y proyectar, a nivel nacional e internacional, la gaita como parte del folklore venezolano, mediante herramientas tecnol\u00f3gicas y un equipo comprometido de alta competencia que contribuya a la preservaci\u00f3n y extensi\u00f3n de su tradici\u00f3n durante todo el a\u00f1o. Nuestra visi\u00f3n es ser el portal de obligada referencia de la gaita venezolana, con la mejor y mayor informaci\u00f3n que acontezca en cualquier parte del mundo sobre este ritmo tradicional, todo esto bajo los valores de Objetividad, Respeto, Innovaci\u00f3n y Participaci\u00f3n.<\/p>\n<p><b>\u00bfCu\u00e1les son nuestros Objetivos?<\/b><\/p>\n<ul>\n<li>Difundir y proyectar la gaita como principal ritmo folcl\u00f3rico tradicional de Venezuela durante todo el a\u00f1o.<\/li>\n<li>Utilizar las herramientas tecnol\u00f3gicas que permitan la innovaci\u00f3n en la divulgaci\u00f3n y el impulso de la gaita hacia el mundo entero.<\/li>\n<li>Investigar los or\u00edgenes y la evoluci\u00f3n musical y tem\u00e1tica de la gaita venezolana.<\/li>\n<li>Formar, motivar y mantener un equipo de trabajo compenetrado e identificado con este ritmo folkl\u00f3rico.<\/li>\n<li>Propiciar la participaci\u00f3n activa de los int\u00e9rpretes y los amantes de la gaita de Venezuela.<strong><\/strong><\/li>\n<\/ul>\n<p>&nbsp;<\/p>\n<p><strong>\u00bfCu\u00e1les son nuestros Logros?<\/strong><\/p>\n<ul>\n<li>Fundaci\u00f3n del primer portal Web de gaitas en Venezuela.<\/li>\n<li>Difusi\u00f3n del primer programa radial gaitero en Caracas a partir de Marzo.<\/li>\n<li>Inclusi\u00f3n de herramientas interactivas en el programa radial.<\/li>\n<li>Creaci\u00f3n de la primera emisora 24 Horas de gaitas v\u00eda Internet.<\/li>\n<li>Participaci\u00f3n en la organizaci\u00f3n de eventos gaiteros.<\/li>\n<li>Colaboraci\u00f3n en la organizaci\u00f3n de los grupos gaiteros para la producci\u00f3n de programas televisivos.<\/li>\n<li>Organizaci\u00f3n, coordinaci\u00f3n y entrega del primer galard\u00f3n gaitero realizado por Internet para premiar a la gaita del a\u00f1o.<\/li>\n<li>Plataforma de grabaci\u00f3n v\u00eda internet para gaiteros fuera del territorio nacional.<\/li>\n<li>Co-producci\u00f3n en el programa sabatino \u00abRumba, Gaitas y Pupitres\u00bb transmitido por La Tele (Canal 12) en 2007.<\/li>\n<li>Participaci\u00f3n con el segmento \u00abNuestraGaita.Com\u00bb dentro del programa televisivo \u00abEntre Gaitas y Gaiteros\u00bb transmitido por Americana de Televisi\u00f3n (ATEL), Canal 115 de Directv entre septiembre y diciembre 2008.<\/li>\n<li>Participaci\u00f3n en el Festival \u201cEntre Gaitas y Gaiteros\u201d para agrupaciones no zulianas entre los a\u00f1os 2007 y 2011.<\/li>\n<li>Participaci\u00f3n en la presentaci\u00f3n de la Cuarta, Quinta y Sexta Feria de la Chinita en Madrid &#8211; Espa\u00f1a, en los a\u00f1os 2007, 2008 y 2009, respectivamente<\/li>\n<li>Investigaci\u00f3n sobre la Gaita en Aruba en 2009.<\/li>\n<li>Investigaci\u00f3n sobre la Gaita en Francia en 2009.<\/li>\n<li>Elaboraci\u00f3n del Primer Video Clip de Gaitas en Par\u00eds (Francia) en 2009.<\/li>\n<li>Participaci\u00f3n en el Festival Latinoamericano de M\u00fasica Folkl\u00f3rica en Bucaramanga (Colombia) 2010 y 2012.<\/li>\n<li>Transmisi\u00f3n \u201cOn Line\u201d tanto del programa emitido a trav\u00e9s de Radio Sinton\u00eda en Caracas, a partir del a\u00f1o 2003, como tambi\u00e9n del espacio radial emitido desde el circuito \u201cMillenium MX\u201d en Tenerife (Espa\u00f1a) desde el a\u00f1o 2009. Ambos espacios radiales llevan por nombre: \u201cNuestraGaita.Com\u201d.<\/li>\n<li>Reconocimiento como Portal de referencia mundial de la gaita en The World Music Central (worldmusiccentral.org).<\/li>\n<li>Participaci\u00f3n como Miembros de la Academia Pepsi Music de Venezuela.<\/li>\n<li>Reconocidos, mediante innumerables preseas de distintas \u00edndoles, como el primer y m\u00e1s importante Portal gaitero en Venezuela y el Mundo.<\/li>\n<\/ul>\n","protected":false},"excerpt":{"rendered":"NuestraGaita.Com es el Primer Portal Gaitero creado en Venezuela el 12 de julio del 2002 e inaugurado el 08 de agosto del mismo a\u00f1o con el objeto de difundir a la Reina del Folclor Venezolano por el mundo entero. En el a\u00f1o 2003 se complementa su labor con la inauguraci\u00f3n, desde Caracas, del programa \u201cNuestraGaita.Com\u201d, primer espacio radial en difundir el g\u00e9nero gaitero desde el segundo trimestre del a\u00f1o y tambi\u00e9n en transmitirse simult\u00e1neamente v\u00eda internet. En el 2004 se implementa mediante el portal www.nuestragaita.com la primera emisora, v\u00eda Internet, que difunde 24 horas continuas de Gaitas para el mundo [&hellip;]","protected":false},"author":1,"featured_media":429,"parent":0,"menu_order":0,"comment_status":"open","ping_status":"closed","template":"","meta":{"spay_email":"","footnotes":""},"jetpack_sharing_enabled":true,"jetpack_shortlink":"https:\/\/wp.me\/P5ZLAL-a","jetpack-related-posts":[],"_links":{"self":[{"href":"https:\/\/nuestragaita.com\/index.php?rest_route=\/wp\/v2\/pages\/10"}],"collection":[{"href":"https:\/\/nuestragaita.com\/index.php?rest_route=\/wp\/v2\/pages"}],"about":[{"href":"https:\/\/nuestragaita.com\/index.php?rest_route=\/wp\/v2\/types\/page"}],"author":[{"embeddable":true,"href":"https:\/\/nuestragaita.com\/index.php?rest_route=\/wp\/v2\/users\/1"}],"replies":[{"embeddable":true,"href":"https:\/\/nuestragaita.com\/index.php?rest_route=%2Fwp%2Fv2%2Fcomments&post=10"}],"version-history":[{"count":9,"href":"https:\/\/nuestragaita.com\/index.php?rest_route=\/wp\/v2\/pages\/10\/revisions"}],"predecessor-version":[{"id":12,"href":"https:\/\/nuestragaita.com\/index.php?rest_route=\/wp\/v2\/pages\/10\/revisions\/12"}],"wp:featuredmedia":[{"embeddable":true,"href":"https:\/\/nuestragaita.com\/index.php?rest_route=\/wp\/v2\/media\/429"}],"wp:attachment":[{"href":"https:\/\/nuestragaita.com\/index.php?rest_route=%2Fwp%2Fv2%2Fmedia&parent=10"}],"curies":[{"name":"wp","href":"https:\/\/api.w.org\/{rel}","templated":true}]}}