{"id":13,"date":"2012-02-04T15:22:30","date_gmt":"2012-02-04T15:22:30","guid":{"rendered":"http:\/\/nuestragaita.com\/?page_id=13"},"modified":"2013-04-20T15:00:31","modified_gmt":"2013-04-20T19:30:31","slug":"quienes-somos","status":"publish","type":"page","link":"https:\/\/nuestragaita.com\/?page_id=13","title":{"rendered":"\u00bfQui\u00e9nes Somos?"},"content":{"rendered":"<p align=\"justify\"><span style=\"font-family: Verdana,Arial,Helvetica,sans-serif; font-size: x-small;\" face=\"Verdana, Arial, Helvetica, sans-serif\" size=\"2\">Somos un grupo de m\u00fasicos, compositores, escritores, locutores, investigadores, profesionales de distintas carreras y amantes de \u00e9ste g\u00e9nero musical tradicional de mayor relevancia en Venezuela, quienes hemos sumado esfuerzos para constituir, desde el 08 de Agosto del 2002, el Primer Portal Gaitero con el objetivo fundamental de proyectar Nuestra Gaita hacia el mundo entero. <\/span><\/p>\n<table border=\"0\" width=\"100%\">\n<tbody>\n<tr>\n<td valign=\"top\" width=\"48%\"><span style=\"font-family: Verdana,Arial,Helvetica,sans-serif; font-size: x-small;\" face=\"Verdana, Arial, Helvetica, sans-serif\" size=\"2\"><strong><span style=\"font-size: small;\" color=\"0059A5\" size=\"3\">Portal Web <\/span><\/strong><\/span><\/p>\n<p align=\"left\"><strong><span style=\"font-family: Verdana,Arial,Helvetica,sans-serif; font-size: x-small;\" face=\"Verdana, Arial, Helvetica, sans-serif\" size=\"2\">Fundado el 08 de Agosto del 2002 cuenta con la participaci\u00f3n de:<\/span><\/strong><\/p>\n<p align=\"left\"><span style=\"font-family: Verdana,Arial,Helvetica,sans-serif; font-size: x-small;\" face=\"Verdana, Arial, Helvetica, sans-serif\" size=\"2\"><strong>DIRECTOR:<br \/>\n<\/strong><a href=\"https:\/\/nuestragaita.com\/?p=1508\">Neilo \u00abJunior\u00bb Narv\u00e1ez<\/a>.<br \/>\nIngeniero de Sistemas, Locutor, Compositor y Tamborero.<\/span><\/p>\n<p align=\"left\"><span style=\"font-family: Verdana,Arial,Helvetica,sans-serif; font-size: x-small;\" face=\"Verdana, Arial, Helvetica, sans-serif\" size=\"2\"><strong>COORDINADOR GENERAL:<br \/>\n<\/strong><a href=\"https:\/\/nuestragaita.com\/?p=1499\">H\u00e9ctor \u00abPomponio\u00bb M\u00e1rquez<\/a>.<br \/>\nProductor de Radio y Televisi\u00f3n, M\u00fasico, Compositor, Investigador.<\/span><\/p>\n<p align=\"left\"><span style=\"font-family: Verdana,Arial,Helvetica,sans-serif; font-size: x-small;\" face=\"Verdana, Arial, Helvetica, sans-serif\" size=\"2\"><strong>COORDINADORA DE MEDIOS:<br \/>\n<\/strong>Arelys Dubront.<br \/>\nIngeniero Industrial.<\/span><\/p>\n<\/td>\n<td valign=\"top\" width=\"52%\"><span style=\"font-family: Verdana,Arial,Helvetica,sans-serif; font-size: x-small;\" face=\"Verdana, Arial, Helvetica, sans-serif\" size=\"2\"><strong><span style=\"font-size: small;\" color=\"0059A5\" size=\"3\">Programa Radial<\/span><\/strong><\/span><span style=\"font-family: Verdana,Arial,Helvetica,sans-serif; font-size: x-small;\" face=\"Verdana, Arial, Helvetica, sans-serif\" size=\"2\"><strong><\/strong><\/span><\/p>\n<p><span style=\"font-family: Verdana,Arial,Helvetica,sans-serif; font-size: x-small;\" face=\"Verdana, Arial, Helvetica, sans-serif\" size=\"2\"><strong>Transmitido desde el a\u00f1o 2003 por Radio Sinton\u00eda 1420 AM, desde Caracas para el mundo entero gracias a la magia de Internet.<\/strong><\/span><span style=\"font-family: Verdana,Arial,Helvetica,sans-serif; font-size: x-small;\" face=\"Verdana, Arial, Helvetica, sans-serif\" size=\"2\"><strong>Producci\u00f3n y Musicalizaci\u00f3n:<\/strong><br \/>\nH\u00e9ctor \u00abpomponio\u00bb M\u00e1rquez<\/span><span style=\"font-family: Verdana,Arial,Helvetica,sans-serif; font-size: x-small;\" face=\"Verdana, Arial, Helvetica, sans-serif\" size=\"2\"><strong>Locuci\u00f3n, Comentarios y Entrevistas:<\/strong><br \/>\nNeilo \u00abJunior\u00bb Narv\u00e1ez<\/span><span style=\"font-family: Verdana,Arial,Helvetica,sans-serif; font-size: x-small;\" face=\"Verdana, Arial, Helvetica, sans-serif\" size=\"2\"><strong>Presidencia de la Emisora:<\/strong><br \/>\nDra. Ana Mireya Obreg\u00f3n.<\/span><span style=\"font-family: Verdana,Arial,Helvetica,sans-serif; font-size: x-small;\" face=\"Verdana, Arial, Helvetica, sans-serif\" size=\"2\"><strong>Controles Digitales:<\/strong><br \/>\nJos\u00e9 Gregorio Ramos<br \/>\n<\/span><span style=\"font-family: Verdana,Arial,Helvetica,sans-serif;\" face=\"Verdana, Arial, Helvetica, sans-serif\"> <\/span><\/td>\n<\/tr>\n<\/tbody>\n<\/table>\n<p><span style=\"font-family: Verdana,Arial,Helvetica,sans-serif; font-size: small;\" color=\"0059A5\" face=\"Verdana, Arial, Helvetica, sans-serif\" size=\"3\"><strong>Premios Obtenidos <\/strong><\/span><\/p>\n<ul>\n<li><strong><span style=\"font-family: Verdana,Arial,Helvetica,sans-serif; font-size: x-small;\" face=\"Verdana, Arial, Helvetica, sans-serif\" size=\"2\">2012 &#8211; Chiquinquir\u00e1 de Diamante como Primer Portal Web.<br \/>\n<\/span><\/strong><\/li>\n<li><strong><span style=\"font-family: Verdana,Arial,Helvetica,sans-serif; font-size: x-small;\" face=\"Verdana, Arial, Helvetica, sans-serif\" size=\"2\">2011 &#8211; Gr\u00e1n \u00c1guila de Venezuela como Primer Portal Gaitero del Pa\u00eds.<\/span><\/strong><\/li>\n<li><strong><span style=\"font-family: Verdana,Arial,Helvetica,sans-serif; font-size: x-small;\" face=\"Verdana, Arial, Helvetica, sans-serif\" size=\"2\">2011 &#8211; Mara Doble Diamante como Portal Gaitero del A\u00f1o.<\/span><\/strong><\/li>\n<li><strong><span style=\"font-family: Verdana,Arial,Helvetica,sans-serif; font-size: x-small;\" face=\"Verdana, Arial, Helvetica, sans-serif\" size=\"2\">2010 &#8211; Sol Larense como Portal Web Gaitero del a\u00f1o en Venezuela.<\/span><\/strong><\/li>\n<li><strong><span style=\"font-family: Verdana,Arial,Helvetica,sans-serif; font-size: x-small;\" face=\"Verdana, Arial, Helvetica, sans-serif\" size=\"2\">2009 &#8211; Jes\u00fas \u00abChucho\u00bb Bravo Gonz\u00e1lez.<\/span><\/strong><\/li>\n<li><strong><span style=\"font-family: Verdana,Arial,Helvetica,sans-serif; font-size: x-small;\" face=\"Verdana, Arial, Helvetica, sans-serif\" size=\"2\">2009 &#8211; Mara de Oro como Portal Web Gaitero del a\u00f1o.<\/span><\/strong><\/li>\n<li><strong><span style=\"font-family: Verdana,Arial,Helvetica,sans-serif; font-size: x-small;\" face=\"Verdana, Arial, Helvetica, sans-serif\" size=\"2\">2009 &#8211; Sol Larense como P\u00e1gina Web del a\u00f1o.<\/span><\/strong><\/li>\n<li><span style=\"font-family: Verdana,Arial,Helvetica,sans-serif; font-size: x-small;\" face=\"Verdana, Arial, Helvetica, sans-serif\" size=\"2\"><strong>2009 &#8211; Placa del Programa Gaiteando con Hern\u00e1n como Portal Gaitero del a\u00f1o.<\/strong><\/span><\/li>\n<li><strong><span style=\"font-family: Verdana,Arial,Helvetica,sans-serif; font-size: x-small;\" face=\"Verdana, Arial, Helvetica, sans-serif\" size=\"2\">2008 &#8211; Reconocimiento en el premio \u00abMonumental Ricardo Aguirre\u00bb.<\/span><\/strong><\/li>\n<li><strong><span style=\"font-family: Verdana,Arial,Helvetica,sans-serif; font-size: x-small;\" face=\"Verdana, Arial, Helvetica, sans-serif\" size=\"2\">2008 &#8211; Furro del Segundo Festival Nacional \u00abEntre Gaitas y Gaiteros\u00bb.<\/span><\/strong><strong><span style=\"font-family: Verdana,Arial,Helvetica,sans-serif; font-size: x-small;\" face=\"Verdana, Arial, Helvetica, sans-serif\" size=\"2\"><\/span><\/strong><\/li>\n<li><strong><span style=\"font-family: Verdana,Arial,Helvetica,sans-serif; font-size: x-small;\" face=\"Verdana, Arial, Helvetica, sans-serif\" size=\"2\">2007 &#8211; Mara de Platino como Portal Gaitero de Venezuela.<\/span><\/strong><\/li>\n<li><strong><span style=\"font-family: Verdana,Arial,Helvetica,sans-serif; font-size: x-small;\" face=\"Verdana, Arial, Helvetica, sans-serif\" size=\"2\">2007 &#8211; El Monumental Ricardo Aguirre II Edici\u00f3n.<\/span><\/strong><strong><span style=\"font-family: Verdana,Arial,Helvetica,sans-serif; font-size: x-small;\" face=\"Verdana, Arial, Helvetica, sans-serif\" size=\"2\"><\/span><\/strong><\/li>\n<li><strong><span style=\"font-family: Verdana,Arial,Helvetica,sans-serif; font-size: x-small;\" face=\"Verdana, Arial, Helvetica, sans-serif\" size=\"2\">2006 &#8211; Medall\u00f3n Chiquinquir\u00e1 de Oro como Portal Gaitero de Venezuela.<\/span><\/strong><strong><span style=\"font-family: Verdana,Arial,Helvetica,sans-serif; font-size: x-small;\" face=\"Verdana, Arial, Helvetica, sans-serif\" size=\"2\"><\/span><\/strong><\/li>\n<li><strong><span style=\"font-family: Verdana,Arial,Helvetica,sans-serif; font-size: x-small;\" face=\"Verdana, Arial, Helvetica, sans-serif\" size=\"2\">2006 &#8211; Placa Reconociemiento de la agrupaci\u00f3n Gaita y Tradici\u00f3n.<\/span><\/strong><strong><span style=\"font-family: Verdana,Arial,Helvetica,sans-serif; font-size: x-small;\" face=\"Verdana, Arial, Helvetica, sans-serif\" size=\"2\"><\/span><\/strong><\/li>\n<li><strong><span style=\"font-family: Verdana,Arial,Helvetica,sans-serif; font-size: x-small;\" face=\"Verdana, Arial, Helvetica, sans-serif\" size=\"2\">2006 &#8211; Mara de Oro como Portal Gaitero de Venezuela.<\/span><\/strong><strong><span style=\"font-family: Verdana,Arial,Helvetica,sans-serif; font-size: x-small;\" face=\"Verdana, Arial, Helvetica, sans-serif\" size=\"2\"><\/span><\/strong><\/li>\n<li><strong><span style=\"font-family: Verdana,Arial,Helvetica,sans-serif; font-size: x-small;\" face=\"Verdana, Arial, Helvetica, sans-serif\" size=\"2\">2005 &#8211; Chiquinquir\u00e1 de Oro como Portal Gaitero de Venezuela.<\/span><\/strong><strong><span style=\"font-family: Verdana,Arial,Helvetica,sans-serif; font-size: x-small;\" face=\"Verdana, Arial, Helvetica, sans-serif\" size=\"2\"><\/span><\/strong><\/li>\n<li><strong><span style=\"font-family: Verdana,Arial,Helvetica,sans-serif; font-size: x-small;\" face=\"Verdana, Arial, Helvetica, sans-serif\" size=\"2\">2005 &#8211; Finalista en el rengl\u00f3n M\u00fasica de \u00abLo Mejor de Punto Com\u00bb.<\/span><\/strong><strong><span style=\"font-family: Verdana,Arial,Helvetica,sans-serif; font-size: x-small;\" face=\"Verdana, Arial, Helvetica, sans-serif\" size=\"2\"><\/span><\/strong><\/li>\n<li><strong><span style=\"font-family: Verdana,Arial,Helvetica,sans-serif; font-size: x-small;\" face=\"Verdana, Arial, Helvetica, sans-serif\" size=\"2\">2005 &#8211; Mara de Oro como Portal Gaitero de Venezuela.<\/span><\/strong><strong><span style=\"font-family: Verdana,Arial,Helvetica,sans-serif; font-size: x-small;\" face=\"Verdana, Arial, Helvetica, sans-serif\" size=\"2\"><\/span><\/strong><\/li>\n<li><strong><span style=\"font-family: Verdana,Arial,Helvetica,sans-serif; font-size: x-small;\" face=\"Verdana, Arial, Helvetica, sans-serif\" size=\"2\">2004 &#8211; Chiquinquir\u00e1 de Oro como Portal Web Gaitero de Venezuela.<\/span><\/strong><\/li>\n<\/ul>\n","protected":false},"excerpt":{"rendered":"Somos un grupo de m\u00fasicos, compositores, escritores, locutores, investigadores, profesionales de distintas carreras y amantes de \u00e9ste g\u00e9nero musical tradicional de mayor relevancia en Venezuela, quienes hemos sumado esfuerzos para constituir, desde el 08 de Agosto del 2002, el Primer Portal Gaitero con el objetivo fundamental de proyectar Nuestra Gaita hacia el mundo entero. Portal Web Fundado el 08 de Agosto del 2002 cuenta con la participaci\u00f3n de: DIRECTOR: Neilo \u00abJunior\u00bb Narv\u00e1ez. Ingeniero de Sistemas, Locutor, Compositor y Tamborero. COORDINADOR GENERAL: H\u00e9ctor \u00abPomponio\u00bb M\u00e1rquez. Productor de Radio y Televisi\u00f3n, M\u00fasico, Compositor, Investigador. COORDINADORA DE MEDIOS: Arelys Dubront. Ingeniero Industrial. Programa [&hellip;]","protected":false},"author":1,"featured_media":0,"parent":0,"menu_order":1,"comment_status":"open","ping_status":"closed","template":"","meta":{"spay_email":"","footnotes":""},"jetpack_sharing_enabled":true,"jetpack_shortlink":"https:\/\/wp.me\/P5ZLAL-d","jetpack-related-posts":[],"_links":{"self":[{"href":"https:\/\/nuestragaita.com\/index.php?rest_route=\/wp\/v2\/pages\/13"}],"collection":[{"href":"https:\/\/nuestragaita.com\/index.php?rest_route=\/wp\/v2\/pages"}],"about":[{"href":"https:\/\/nuestragaita.com\/index.php?rest_route=\/wp\/v2\/types\/page"}],"author":[{"embeddable":true,"href":"https:\/\/nuestragaita.com\/index.php?rest_route=\/wp\/v2\/users\/1"}],"replies":[{"embeddable":true,"href":"https:\/\/nuestragaita.com\/index.php?rest_route=%2Fwp%2Fv2%2Fcomments&post=13"}],"version-history":[{"count":7,"href":"https:\/\/nuestragaita.com\/index.php?rest_route=\/wp\/v2\/pages\/13\/revisions"}],"predecessor-version":[{"id":1513,"href":"https:\/\/nuestragaita.com\/index.php?rest_route=\/wp\/v2\/pages\/13\/revisions\/1513"}],"wp:attachment":[{"href":"https:\/\/nuestragaita.com\/index.php?rest_route=%2Fwp%2Fv2%2Fmedia&parent=13"}],"curies":[{"name":"wp","href":"https:\/\/api.w.org\/{rel}","templated":true}]}}